{"id":637,"date":"2024-09-11T02:19:44","date_gmt":"2024-09-11T02:19:44","guid":{"rendered":"https:\/\/bizen-ceramic-art.com\/?page_id=637"},"modified":"2024-09-24T07:35:08","modified_gmt":"2024-09-24T07:35:08","slug":"takashi-baba","status":"publish","type":"page","link":"https:\/\/bizen-ceramic-art.com\/?page_id=637","title":{"rendered":"takashi BABA"},"content":{"rendered":"\t\t<div data-elementor-type=\"wp-page\" data-elementor-id=\"637\" class=\"elementor elementor-637\">\n\t\t\t\t<div class=\"elementor-element elementor-element-056c773 e-con-full e-flex e-con e-parent\" data-id=\"056c773\" data-element_type=\"container\" data-settings=\"{&quot;background_background&quot;:&quot;classic&quot;}\">\n\t\t\t\t<div class=\"elementor-element elementor-element-e4e3b08 elementor-align-center elementor-widget__width-auto elementor-widget-mobile__width-initial elementor-widget elementor-widget-button\" data-id=\"e4e3b08\" data-element_type=\"widget\" data-widget_type=\"button.default\">\n\t\t\t\t<div class=\"elementor-widget-container\">\n\t\t\t\t\t<div class=\"elementor-button-wrapper\">\n\t\t\t<a class=\"elementor-button elementor-button-link elementor-size-sm\" href=\"https:\/\/bizen-ceramic-art.com\/?page_id=376\">\n\t\t\t\t\t\t<span class=\"elementor-button-content-wrapper\">\n\t\t\t\t\t\t\t\t\t<span class=\"elementor-button-text\">GalerieDe <br>Vid\u00e9os<\/span>\n\t\t\t\t\t<\/span>\n\t\t\t\t\t<\/a>\n\t\t<\/div>\n\t\t\t\t<\/div>\n\t\t\t\t<\/div>\n\t\t\t\t<div class=\"elementor-element elementor-element-8271aac elementor-align-center elementor-widget__width-auto elementor-widget-mobile__width-initial elementor-widget elementor-widget-button\" data-id=\"8271aac\" data-element_type=\"widget\" data-widget_type=\"button.default\">\n\t\t\t\t<div class=\"elementor-widget-container\">\n\t\t\t\t\t<div class=\"elementor-button-wrapper\">\n\t\t\t<a class=\"elementor-button elementor-button-link elementor-size-sm\" href=\"https:\/\/bizen-ceramic-art.com\/?page_id=360\">\n\t\t\t\t\t\t<span class=\"elementor-button-content-wrapper\">\n\t\t\t\t\t\t\t\t\t<span class=\"elementor-button-text\">Expositions <br>Pass\u00e9es<\/span>\n\t\t\t\t\t<\/span>\n\t\t\t\t\t<\/a>\n\t\t<\/div>\n\t\t\t\t<\/div>\n\t\t\t\t<\/div>\n\t\t\t\t<div class=\"elementor-element elementor-element-7502042 elementor-align-center elementor-widget__width-auto elementor-widget-mobile__width-initial elementor-widget elementor-widget-button\" data-id=\"7502042\" data-element_type=\"widget\" data-widget_type=\"button.default\">\n\t\t\t\t<div class=\"elementor-widget-container\">\n\t\t\t\t\t<div class=\"elementor-button-wrapper\">\n\t\t\t<a class=\"elementor-button elementor-button-link elementor-size-sm\" href=\"https:\/\/bizen-ceramic-art.com\/?page_id=280\">\n\t\t\t\t\t\t<span class=\"elementor-button-content-wrapper\">\n\t\t\t\t\t\t\t\t\t<span class=\"elementor-button-text\">\u0152uvre <br>et Artiste<\/span>\n\t\t\t\t\t<\/span>\n\t\t\t\t\t<\/a>\n\t\t<\/div>\n\t\t\t\t<\/div>\n\t\t\t\t<\/div>\n\t\t\t\t<div class=\"elementor-element elementor-element-daeef45 elementor-align-center elementor-widget__width-auto elementor-widget-mobile__width-initial elementor-widget elementor-widget-button\" data-id=\"daeef45\" data-element_type=\"widget\" data-widget_type=\"button.default\">\n\t\t\t\t<div class=\"elementor-widget-container\">\n\t\t\t\t\t<div class=\"elementor-button-wrapper\">\n\t\t\t<a class=\"elementor-button elementor-button-link elementor-size-sm\" href=\"https:\/\/bizen-ceramic-art.com\/?page_id=336\">\n\t\t\t\t\t\t<span class=\"elementor-button-content-wrapper\">\n\t\t\t\t\t\t\t\t\t<span class=\"elementor-button-text\">De la Terre au <br>Chef-d'\u0152uvre<\/span>\n\t\t\t\t\t<\/span>\n\t\t\t\t\t<\/a>\n\t\t<\/div>\n\t\t\t\t<\/div>\n\t\t\t\t<\/div>\n\t\t\t\t<div class=\"elementor-element elementor-element-a0b05a1 elementor-widget__width-auto elementor-mobile-align-center elementor-widget-mobile__width-initial elementor-widget elementor-widget-button\" data-id=\"a0b05a1\" data-element_type=\"widget\" data-widget_type=\"button.default\">\n\t\t\t\t<div class=\"elementor-widget-container\">\n\t\t\t\t\t<div class=\"elementor-button-wrapper\">\n\t\t\t<a class=\"elementor-button elementor-button-link elementor-size-sm\" href=\"https:\/\/bizen-ceramic-art.com\/?page_id=322\">\n\t\t\t\t\t\t<span class=\"elementor-button-content-wrapper\">\n\t\t\t\t\t\t\t\t\t<span class=\"elementor-button-text\">Un Mill\u00e9naire <br>d'H\u00e9ritage<\/span>\n\t\t\t\t\t<\/span>\n\t\t\t\t\t<\/a>\n\t\t<\/div>\n\t\t\t\t<\/div>\n\t\t\t\t<\/div>\n\t\t\t\t<div class=\"elementor-element elementor-element-7884140 elementor-align-center elementor-widget__width-auto elementor-mobile-align-center elementor-widget-mobile__width-initial elementor-widget elementor-widget-button\" data-id=\"7884140\" data-element_type=\"widget\" data-widget_type=\"button.default\">\n\t\t\t\t<div class=\"elementor-widget-container\">\n\t\t\t\t\t<div class=\"elementor-button-wrapper\">\n\t\t\t<a class=\"elementor-button elementor-button-link elementor-size-sm\" href=\"https:\/\/bizen-ceramic-art.com\/\">\n\t\t\t\t\t\t<span class=\"elementor-button-content-wrapper\">\n\t\t\t\t\t\t\t\t\t<span class=\"elementor-button-text\"><br>Accueil<\/span>\n\t\t\t\t\t<\/span>\n\t\t\t\t\t<\/a>\n\t\t<\/div>\n\t\t\t\t<\/div>\n\t\t\t\t<\/div>\n\t\t\t\t<\/div>\n\t\t<div class=\"elementor-element elementor-element-5c12cbe e-grid e-con-boxed e-con e-parent\" data-id=\"5c12cbe\" data-element_type=\"container\">\n\t\t\t\t\t<div class=\"e-con-inner\">\n\t\t\t\t<div class=\"elementor-element elementor-element-6c25558 elementor-widget elementor-widget-heading\" data-id=\"6c25558\" data-element_type=\"widget\" data-widget_type=\"heading.default\">\n\t\t\t\t<div class=\"elementor-widget-container\">\n\t\t\t<style>\/*! elementor - v3.22.0 - 24-06-2024 *\/\n.elementor-heading-title{padding:0;margin:0;line-height:1}.elementor-widget-heading .elementor-heading-title[class*=elementor-size-]>a{color:inherit;font-size:inherit;line-height:inherit}.elementor-widget-heading .elementor-heading-title.elementor-size-small{font-size:15px}.elementor-widget-heading .elementor-heading-title.elementor-size-medium{font-size:19px}.elementor-widget-heading .elementor-heading-title.elementor-size-large{font-size:29px}.elementor-widget-heading .elementor-heading-title.elementor-size-xl{font-size:39px}.elementor-widget-heading .elementor-heading-title.elementor-size-xxl{font-size:59px}<\/style><h2 class=\"elementor-heading-title elementor-size-default\">Takashi BABA<\/h2>\t\t<\/div>\n\t\t\t\t<\/div>\n\t\t\t\t\t<\/div>\n\t\t\t\t<\/div>\n\t\t<div class=\"elementor-element elementor-element-50c3a4b e-flex e-con-boxed e-con e-parent\" data-id=\"50c3a4b\" data-element_type=\"container\">\n\t\t\t\t\t<div class=\"e-con-inner\">\n\t\t\t\t<div class=\"elementor-element elementor-element-f6d4a5f elementor-align-center elementor-widget elementor-widget-button\" data-id=\"f6d4a5f\" data-element_type=\"widget\" data-widget_type=\"button.default\">\n\t\t\t\t<div class=\"elementor-widget-container\">\n\t\t\t\t\t<div class=\"elementor-button-wrapper\">\n\t\t\t<a class=\"elementor-button elementor-button-link elementor-size-sm\" href=\"https:\/\/bizen-gallerykai.com\/en\/\">\n\t\t\t\t\t\t<span class=\"elementor-button-content-wrapper\">\n\t\t\t\t\t\t\t\t\t<span class=\"elementor-button-text\"><span style=\"text-decoration-thickness: initial; text-decoration-style: initial; text-decoration-color: initial;\">Bizen-Gallerykai\uff08<\/span>Web site : OnlineShop\uff09<\/span>\n\t\t\t\t\t<\/span>\n\t\t\t\t\t<\/a>\n\t\t<\/div>\n\t\t\t\t<\/div>\n\t\t\t\t<\/div>\n\t\t\t\t\t<\/div>\n\t\t\t\t<\/div>\n\t\t<div class=\"elementor-element elementor-element-060df50 e-grid e-con-full elementor-invisible e-con e-parent\" data-id=\"060df50\" data-element_type=\"container\" data-settings=\"{&quot;animation&quot;:&quot;fadeInUp&quot;}\">\n\t\t\t\t<div class=\"elementor-element elementor-element-cc2eac4 elementor-widget elementor-widget-image\" data-id=\"cc2eac4\" data-element_type=\"widget\" data-widget_type=\"image.default\">\n\t\t\t\t<div class=\"elementor-widget-container\">\n\t\t\t<style>\/*! elementor - v3.22.0 - 24-06-2024 *\/\n.elementor-widget-image{text-align:center}.elementor-widget-image a{display:inline-block}.elementor-widget-image a img[src$=\".svg\"]{width:48px}.elementor-widget-image img{vertical-align:middle;display:inline-block}<\/style>\t\t\t\t\t\t\t\t\t\t<img decoding=\"async\" src=\"https:\/\/bizen-ceramic-art.com\/wp-content\/uploads\/2024\/09\/\u99ac\u5834\uff11-e1727161755889.jpg\" title=\"\u99ac\u5834\uff11\" alt=\"\u99ac\u5834\uff11\" loading=\"lazy\" \/>\t\t\t\t\t\t\t\t\t\t\t\t\t<\/div>\n\t\t\t\t<\/div>\n\t\t\t\t<div class=\"elementor-element elementor-element-1fe2bda elementor-widget elementor-widget-image\" data-id=\"1fe2bda\" data-element_type=\"widget\" data-widget_type=\"image.default\">\n\t\t\t\t<div class=\"elementor-widget-container\">\n\t\t\t\t\t\t\t\t\t\t\t\t\t<img fetchpriority=\"high\" decoding=\"async\" width=\"999\" height=\"999\" src=\"https:\/\/bizen-ceramic-art.com\/wp-content\/uploads\/2024\/09\/\u99ac\u5834\uff12-e1727161817591.jpg\" class=\"attachment-1536x1536 size-1536x1536 wp-image-769\" alt=\"\" srcset=\"https:\/\/bizen-ceramic-art.com\/wp-content\/uploads\/2024\/09\/\u99ac\u5834\uff12-e1727161817591.jpg 999w, https:\/\/bizen-ceramic-art.com\/wp-content\/uploads\/2024\/09\/\u99ac\u5834\uff12-e1727161817591-300x300.jpg 300w, https:\/\/bizen-ceramic-art.com\/wp-content\/uploads\/2024\/09\/\u99ac\u5834\uff12-e1727161817591-150x150.jpg 150w, https:\/\/bizen-ceramic-art.com\/wp-content\/uploads\/2024\/09\/\u99ac\u5834\uff12-e1727161817591-768x768.jpg 768w\" sizes=\"(max-width: 999px) 100vw, 999px\" \/>\t\t\t\t\t\t\t\t\t\t\t\t\t<\/div>\n\t\t\t\t<\/div>\n\t\t\t\t<div class=\"elementor-element elementor-element-d157260 elementor-widget elementor-widget-image\" data-id=\"d157260\" data-element_type=\"widget\" data-widget_type=\"image.default\">\n\t\t\t\t<div class=\"elementor-widget-container\">\n\t\t\t\t\t\t\t\t\t\t\t\t\t<img decoding=\"async\" width=\"1024\" height=\"1024\" src=\"https:\/\/bizen-ceramic-art.com\/wp-content\/uploads\/2024\/09\/\u99ac\u5834\uff13-e1727161842295-1024x1024.jpg\" class=\"attachment-large size-large wp-image-768\" alt=\"\" srcset=\"https:\/\/bizen-ceramic-art.com\/wp-content\/uploads\/2024\/09\/\u99ac\u5834\uff13-e1727161842295-1024x1024.jpg 1024w, https:\/\/bizen-ceramic-art.com\/wp-content\/uploads\/2024\/09\/\u99ac\u5834\uff13-e1727161842295-300x300.jpg 300w, https:\/\/bizen-ceramic-art.com\/wp-content\/uploads\/2024\/09\/\u99ac\u5834\uff13-e1727161842295-150x150.jpg 150w, https:\/\/bizen-ceramic-art.com\/wp-content\/uploads\/2024\/09\/\u99ac\u5834\uff13-e1727161842295-768x768.jpg 768w, https:\/\/bizen-ceramic-art.com\/wp-content\/uploads\/2024\/09\/\u99ac\u5834\uff13-e1727161842295.jpg 1152w\" sizes=\"(max-width: 1024px) 100vw, 1024px\" \/>\t\t\t\t\t\t\t\t\t\t\t\t\t<\/div>\n\t\t\t\t<\/div>\n\t\t\t\t<\/div>\n\t\t<div class=\"elementor-element elementor-element-071b941 e-flex e-con-boxed e-con e-parent\" data-id=\"071b941\" data-element_type=\"container\">\n\t\t\t\t\t<div class=\"e-con-inner\">\n\t\t\t\t<div class=\"elementor-element elementor-element-bec7a82 elementor-widget elementor-widget-image\" data-id=\"bec7a82\" data-element_type=\"widget\" data-widget_type=\"image.default\">\n\t\t\t\t<div class=\"elementor-widget-container\">\n\t\t\t\t\t\t\t\t\t\t\t\t\t<img decoding=\"async\" width=\"2828\" height=\"4000\" src=\"https:\/\/bizen-ceramic-art.com\/wp-content\/uploads\/2024\/09\/36.png\" class=\"attachment-full size-full wp-image-682\" alt=\"\" srcset=\"https:\/\/bizen-ceramic-art.com\/wp-content\/uploads\/2024\/09\/36.png 2828w, https:\/\/bizen-ceramic-art.com\/wp-content\/uploads\/2024\/09\/36-212x300.png 212w, https:\/\/bizen-ceramic-art.com\/wp-content\/uploads\/2024\/09\/36-724x1024.png 724w, https:\/\/bizen-ceramic-art.com\/wp-content\/uploads\/2024\/09\/36-768x1086.png 768w, https:\/\/bizen-ceramic-art.com\/wp-content\/uploads\/2024\/09\/36-1086x1536.png 1086w, https:\/\/bizen-ceramic-art.com\/wp-content\/uploads\/2024\/09\/36-1448x2048.png 1448w\" sizes=\"(max-width: 2828px) 100vw, 2828px\" \/>\t\t\t\t\t\t\t\t\t\t\t\t\t<\/div>\n\t\t\t\t<\/div>\n\t\t\t\t\t<\/div>\n\t\t\t\t<\/div>\n\t\t\t\t<\/div>\n\t\t","protected":false},"excerpt":{"rendered":"<p>GalerieDe Vid\u00e9os Expositions Pass\u00e9es \u0152uvre et Artiste De la Terre au Chef-d&#8217;\u0152uvre Un Mill\u00e9naire d&#8217; [&hellip;]<\/p>\n","protected":false},"author":1,"featured_media":0,"parent":0,"menu_order":0,"comment_status":"closed","ping_status":"closed","template":"elementor_header_footer","meta":{"footnotes":""},"class_list":["post-637","page","type-page","status-publish","hentry"],"jetpack_sharing_enabled":true,"_links":{"self":[{"href":"https:\/\/bizen-ceramic-art.com\/index.php?rest_route=\/wp\/v2\/pages\/637","targetHints":{"allow":["GET"]}}],"collection":[{"href":"https:\/\/bizen-ceramic-art.com\/index.php?rest_route=\/wp\/v2\/pages"}],"about":[{"href":"https:\/\/bizen-ceramic-art.com\/index.php?rest_route=\/wp\/v2\/types\/page"}],"author":[{"embeddable":true,"href":"https:\/\/bizen-ceramic-art.com\/index.php?rest_route=\/wp\/v2\/users\/1"}],"replies":[{"embeddable":true,"href":"https:\/\/bizen-ceramic-art.com\/index.php?rest_route=%2Fwp%2Fv2%2Fcomments&post=637"}],"version-history":[{"count":16,"href":"https:\/\/bizen-ceramic-art.com\/index.php?rest_route=\/wp\/v2\/pages\/637\/revisions"}],"predecessor-version":[{"id":784,"href":"https:\/\/bizen-ceramic-art.com\/index.php?rest_route=\/wp\/v2\/pages\/637\/revisions\/784"}],"wp:attachment":[{"href":"https:\/\/bizen-ceramic-art.com\/index.php?rest_route=%2Fwp%2Fv2%2Fmedia&parent=637"}],"curies":[{"name":"wp","href":"https:\/\/api.w.org\/{rel}","templated":true}]}}