{"id":635,"date":"2024-09-11T02:19:04","date_gmt":"2024-09-11T02:19:04","guid":{"rendered":"https:\/\/bizen-ceramic-art.com\/?page_id=635"},"modified":"2024-09-24T04:07:24","modified_gmt":"2024-09-24T04:07:24","slug":"ichiro-mori","status":"publish","type":"page","link":"https:\/\/bizen-ceramic-art.com\/?page_id=635","title":{"rendered":"Ichir\u00f4 MORI"},"content":{"rendered":"\t\t<div data-elementor-type=\"wp-page\" data-elementor-id=\"635\" class=\"elementor elementor-635\">\n\t\t\t\t<div class=\"elementor-element elementor-element-056c773 e-con-full e-flex e-con e-parent\" data-id=\"056c773\" data-element_type=\"container\" data-settings=\"{&quot;background_background&quot;:&quot;classic&quot;}\">\n\t\t\t\t<div class=\"elementor-element elementor-element-e4e3b08 elementor-align-center elementor-widget__width-auto elementor-widget-mobile__width-initial elementor-widget elementor-widget-button\" data-id=\"e4e3b08\" data-element_type=\"widget\" data-widget_type=\"button.default\">\n\t\t\t\t<div class=\"elementor-widget-container\">\n\t\t\t\t\t<div class=\"elementor-button-wrapper\">\n\t\t\t<a class=\"elementor-button elementor-button-link elementor-size-sm\" href=\"https:\/\/bizen-ceramic-art.com\/?page_id=376\">\n\t\t\t\t\t\t<span class=\"elementor-button-content-wrapper\">\n\t\t\t\t\t\t\t\t\t<span class=\"elementor-button-text\">GalerieDe <br>Vid\u00e9os<\/span>\n\t\t\t\t\t<\/span>\n\t\t\t\t\t<\/a>\n\t\t<\/div>\n\t\t\t\t<\/div>\n\t\t\t\t<\/div>\n\t\t\t\t<div class=\"elementor-element elementor-element-8271aac elementor-align-center elementor-widget__width-auto elementor-widget-mobile__width-initial elementor-widget elementor-widget-button\" data-id=\"8271aac\" data-element_type=\"widget\" data-widget_type=\"button.default\">\n\t\t\t\t<div class=\"elementor-widget-container\">\n\t\t\t\t\t<div class=\"elementor-button-wrapper\">\n\t\t\t<a class=\"elementor-button elementor-button-link elementor-size-sm\" href=\"https:\/\/bizen-ceramic-art.com\/?page_id=360\">\n\t\t\t\t\t\t<span class=\"elementor-button-content-wrapper\">\n\t\t\t\t\t\t\t\t\t<span class=\"elementor-button-text\">Expositions <br>Pass\u00e9es<\/span>\n\t\t\t\t\t<\/span>\n\t\t\t\t\t<\/a>\n\t\t<\/div>\n\t\t\t\t<\/div>\n\t\t\t\t<\/div>\n\t\t\t\t<div class=\"elementor-element elementor-element-7502042 elementor-align-center elementor-widget__width-auto elementor-widget-mobile__width-initial elementor-widget elementor-widget-button\" data-id=\"7502042\" data-element_type=\"widget\" data-widget_type=\"button.default\">\n\t\t\t\t<div class=\"elementor-widget-container\">\n\t\t\t\t\t<div class=\"elementor-button-wrapper\">\n\t\t\t<a class=\"elementor-button elementor-button-link elementor-size-sm\" href=\"https:\/\/bizen-ceramic-art.com\/?page_id=280\">\n\t\t\t\t\t\t<span class=\"elementor-button-content-wrapper\">\n\t\t\t\t\t\t\t\t\t<span class=\"elementor-button-text\">\u0152uvre <br>et Artiste<\/span>\n\t\t\t\t\t<\/span>\n\t\t\t\t\t<\/a>\n\t\t<\/div>\n\t\t\t\t<\/div>\n\t\t\t\t<\/div>\n\t\t\t\t<div class=\"elementor-element elementor-element-daeef45 elementor-align-center elementor-widget__width-auto elementor-widget-mobile__width-initial elementor-widget elementor-widget-button\" data-id=\"daeef45\" data-element_type=\"widget\" data-widget_type=\"button.default\">\n\t\t\t\t<div class=\"elementor-widget-container\">\n\t\t\t\t\t<div class=\"elementor-button-wrapper\">\n\t\t\t<a class=\"elementor-button elementor-button-link elementor-size-sm\" href=\"https:\/\/bizen-ceramic-art.com\/?page_id=336\">\n\t\t\t\t\t\t<span class=\"elementor-button-content-wrapper\">\n\t\t\t\t\t\t\t\t\t<span class=\"elementor-button-text\">De la Terre au <br>Chef-d'\u0152uvre<\/span>\n\t\t\t\t\t<\/span>\n\t\t\t\t\t<\/a>\n\t\t<\/div>\n\t\t\t\t<\/div>\n\t\t\t\t<\/div>\n\t\t\t\t<div class=\"elementor-element elementor-element-a0b05a1 elementor-widget__width-auto elementor-mobile-align-center elementor-widget-mobile__width-initial elementor-widget elementor-widget-button\" data-id=\"a0b05a1\" data-element_type=\"widget\" data-widget_type=\"button.default\">\n\t\t\t\t<div class=\"elementor-widget-container\">\n\t\t\t\t\t<div class=\"elementor-button-wrapper\">\n\t\t\t<a class=\"elementor-button elementor-button-link elementor-size-sm\" href=\"https:\/\/bizen-ceramic-art.com\/?page_id=322\">\n\t\t\t\t\t\t<span class=\"elementor-button-content-wrapper\">\n\t\t\t\t\t\t\t\t\t<span class=\"elementor-button-text\">Un Mill\u00e9naire <br>d'H\u00e9ritage<\/span>\n\t\t\t\t\t<\/span>\n\t\t\t\t\t<\/a>\n\t\t<\/div>\n\t\t\t\t<\/div>\n\t\t\t\t<\/div>\n\t\t\t\t<div class=\"elementor-element elementor-element-7884140 elementor-align-center elementor-widget__width-auto elementor-mobile-align-center elementor-widget-mobile__width-initial elementor-widget elementor-widget-button\" data-id=\"7884140\" data-element_type=\"widget\" data-widget_type=\"button.default\">\n\t\t\t\t<div class=\"elementor-widget-container\">\n\t\t\t\t\t<div class=\"elementor-button-wrapper\">\n\t\t\t<a class=\"elementor-button elementor-button-link elementor-size-sm\" href=\"https:\/\/bizen-ceramic-art.com\/\">\n\t\t\t\t\t\t<span class=\"elementor-button-content-wrapper\">\n\t\t\t\t\t\t\t\t\t<span class=\"elementor-button-text\"><br>Accueil<\/span>\n\t\t\t\t\t<\/span>\n\t\t\t\t\t<\/a>\n\t\t<\/div>\n\t\t\t\t<\/div>\n\t\t\t\t<\/div>\n\t\t\t\t<\/div>\n\t\t<div class=\"elementor-element elementor-element-071b941 e-flex e-con-boxed e-con e-parent\" data-id=\"071b941\" data-element_type=\"container\">\n\t\t\t\t\t<div class=\"e-con-inner\">\n\t\t\t\t<div class=\"elementor-element elementor-element-bec7a82 elementor-widget elementor-widget-image\" data-id=\"bec7a82\" data-element_type=\"widget\" data-widget_type=\"image.default\">\n\t\t\t\t<div class=\"elementor-widget-container\">\n\t\t\t<style>\/*! elementor - v3.22.0 - 24-06-2024 *\/\n.elementor-widget-image{text-align:center}.elementor-widget-image a{display:inline-block}.elementor-widget-image a img[src$=\".svg\"]{width:48px}.elementor-widget-image img{vertical-align:middle;display:inline-block}<\/style>\t\t\t\t\t\t\t\t\t\t<img fetchpriority=\"high\" decoding=\"async\" width=\"2828\" height=\"4000\" src=\"https:\/\/bizen-ceramic-art.com\/wp-content\/uploads\/2024\/09\/30.png\" class=\"attachment-full size-full wp-image-680\" alt=\"\" srcset=\"https:\/\/bizen-ceramic-art.com\/wp-content\/uploads\/2024\/09\/30.png 2828w, https:\/\/bizen-ceramic-art.com\/wp-content\/uploads\/2024\/09\/30-212x300.png 212w, https:\/\/bizen-ceramic-art.com\/wp-content\/uploads\/2024\/09\/30-724x1024.png 724w, https:\/\/bizen-ceramic-art.com\/wp-content\/uploads\/2024\/09\/30-768x1086.png 768w, https:\/\/bizen-ceramic-art.com\/wp-content\/uploads\/2024\/09\/30-1086x1536.png 1086w, https:\/\/bizen-ceramic-art.com\/wp-content\/uploads\/2024\/09\/30-1448x2048.png 1448w\" sizes=\"(max-width: 2828px) 100vw, 2828px\" \/>\t\t\t\t\t\t\t\t\t\t\t\t\t<\/div>\n\t\t\t\t<\/div>\n\t\t\t\t\t<\/div>\n\t\t\t\t<\/div>\n\t\t\t\t<\/div>\n\t\t","protected":false},"excerpt":{"rendered":"<p>GalerieDe Vid\u00e9os Expositions Pass\u00e9es \u0152uvre et Artiste De la Terre au Chef-d&#8217;\u0152uvre Un Mill\u00e9naire d&#8217; [&hellip;]<\/p>\n","protected":false},"author":1,"featured_media":0,"parent":0,"menu_order":0,"comment_status":"closed","ping_status":"closed","template":"elementor_header_footer","meta":{"footnotes":""},"class_list":["post-635","page","type-page","status-publish","hentry"],"jetpack_sharing_enabled":true,"_links":{"self":[{"href":"https:\/\/bizen-ceramic-art.com\/index.php?rest_route=\/wp\/v2\/pages\/635","targetHints":{"allow":["GET"]}}],"collection":[{"href":"https:\/\/bizen-ceramic-art.com\/index.php?rest_route=\/wp\/v2\/pages"}],"about":[{"href":"https:\/\/bizen-ceramic-art.com\/index.php?rest_route=\/wp\/v2\/types\/page"}],"author":[{"embeddable":true,"href":"https:\/\/bizen-ceramic-art.com\/index.php?rest_route=\/wp\/v2\/users\/1"}],"replies":[{"embeddable":true,"href":"https:\/\/bizen-ceramic-art.com\/index.php?rest_route=%2Fwp%2Fv2%2Fcomments&post=635"}],"version-history":[{"count":4,"href":"https:\/\/bizen-ceramic-art.com\/index.php?rest_route=\/wp\/v2\/pages\/635\/revisions"}],"predecessor-version":[{"id":689,"href":"https:\/\/bizen-ceramic-art.com\/index.php?rest_route=\/wp\/v2\/pages\/635\/revisions\/689"}],"wp:attachment":[{"href":"https:\/\/bizen-ceramic-art.com\/index.php?rest_route=%2Fwp%2Fv2%2Fmedia&parent=635"}],"curies":[{"name":"wp","href":"https:\/\/api.w.org\/{rel}","templated":true}]}}