{"id":336,"date":"2024-09-06T02:50:10","date_gmt":"2024-09-06T02:50:10","guid":{"rendered":"https:\/\/bizenceramicartcom.kinsta.cloud\/?page_id=336"},"modified":"2024-11-25T01:33:41","modified_gmt":"2024-11-25T01:33:41","slug":"%e5%82%99%e5%89%8d%e7%84%bc%e3%81%ae%e8%a3%bd%e4%bd%9c","status":"publish","type":"page","link":"https:\/\/bizen-ceramic-art.com\/?page_id=336","title":{"rendered":"\u5099\u524d\u713c\u306e\u88fd\u4f5c"},"content":{"rendered":"\t\t<div data-elementor-type=\"wp-page\" data-elementor-id=\"336\" class=\"elementor elementor-336\">\n\t\t\t\t<div class=\"elementor-element elementor-element-77a6af3 e-con-full e-flex e-con e-parent\" data-id=\"77a6af3\" data-element_type=\"container\" data-settings=\"{&quot;background_background&quot;:&quot;classic&quot;}\">\n\t\t\t\t<div class=\"elementor-element elementor-element-5464c63 elementor-align-center elementor-widget__width-auto elementor-widget-mobile__width-initial elementor-widget elementor-widget-button\" data-id=\"5464c63\" data-element_type=\"widget\" data-widget_type=\"button.default\">\n\t\t\t\t<div class=\"elementor-widget-container\">\n\t\t\t\t\t<div class=\"elementor-button-wrapper\">\n\t\t\t<a class=\"elementor-button elementor-button-link elementor-size-sm\" href=\"https:\/\/bizen-ceramic-art.com\/?page_id=376\">\n\t\t\t\t\t\t<span class=\"elementor-button-content-wrapper\">\n\t\t\t\t\t\t\t\t\t<span class=\"elementor-button-text\">GalerieDe <br>Vid\u00e9os<\/span>\n\t\t\t\t\t<\/span>\n\t\t\t\t\t<\/a>\n\t\t<\/div>\n\t\t\t\t<\/div>\n\t\t\t\t<\/div>\n\t\t\t\t<div class=\"elementor-element elementor-element-dbbdc3f elementor-align-center elementor-widget__width-auto elementor-widget-mobile__width-initial elementor-widget elementor-widget-button\" data-id=\"dbbdc3f\" data-element_type=\"widget\" data-widget_type=\"button.default\">\n\t\t\t\t<div class=\"elementor-widget-container\">\n\t\t\t\t\t<div class=\"elementor-button-wrapper\">\n\t\t\t<a class=\"elementor-button elementor-button-link elementor-size-sm\" href=\"https:\/\/bizen-ceramic-art.com\/?page_id=360\">\n\t\t\t\t\t\t<span class=\"elementor-button-content-wrapper\">\n\t\t\t\t\t\t\t\t\t<span class=\"elementor-button-text\">Expositions <br>Pass\u00e9es<\/span>\n\t\t\t\t\t<\/span>\n\t\t\t\t\t<\/a>\n\t\t<\/div>\n\t\t\t\t<\/div>\n\t\t\t\t<\/div>\n\t\t\t\t<div class=\"elementor-element elementor-element-aa66da4 elementor-align-center elementor-widget__width-auto elementor-widget-mobile__width-initial elementor-widget elementor-widget-button\" data-id=\"aa66da4\" data-element_type=\"widget\" data-widget_type=\"button.default\">\n\t\t\t\t<div class=\"elementor-widget-container\">\n\t\t\t\t\t<div class=\"elementor-button-wrapper\">\n\t\t\t<a class=\"elementor-button elementor-button-link elementor-size-sm\" href=\"https:\/\/bizen-ceramic-art.com\/?page_id=280\">\n\t\t\t\t\t\t<span class=\"elementor-button-content-wrapper\">\n\t\t\t\t\t\t\t\t\t<span class=\"elementor-button-text\">\u0152uvre <br>et Artiste<\/span>\n\t\t\t\t\t<\/span>\n\t\t\t\t\t<\/a>\n\t\t<\/div>\n\t\t\t\t<\/div>\n\t\t\t\t<\/div>\n\t\t\t\t<div class=\"elementor-element elementor-element-519dc64 elementor-align-center elementor-widget__width-auto elementor-widget-mobile__width-initial elementor-widget elementor-widget-button\" data-id=\"519dc64\" data-element_type=\"widget\" data-widget_type=\"button.default\">\n\t\t\t\t<div class=\"elementor-widget-container\">\n\t\t\t\t\t<div class=\"elementor-button-wrapper\">\n\t\t\t<a class=\"elementor-button elementor-button-link elementor-size-sm\" href=\"https:\/\/bizen-ceramic-art.com\/?page_id=336\">\n\t\t\t\t\t\t<span class=\"elementor-button-content-wrapper\">\n\t\t\t\t\t\t\t\t\t<span class=\"elementor-button-text\">De la Terre au <br>Chef-d'\u0152uvre<\/span>\n\t\t\t\t\t<\/span>\n\t\t\t\t\t<\/a>\n\t\t<\/div>\n\t\t\t\t<\/div>\n\t\t\t\t<\/div>\n\t\t\t\t<div class=\"elementor-element elementor-element-9ae39ec elementor-widget__width-auto elementor-mobile-align-center elementor-widget-mobile__width-initial elementor-widget elementor-widget-button\" data-id=\"9ae39ec\" data-element_type=\"widget\" data-widget_type=\"button.default\">\n\t\t\t\t<div class=\"elementor-widget-container\">\n\t\t\t\t\t<div class=\"elementor-button-wrapper\">\n\t\t\t<a class=\"elementor-button elementor-button-link elementor-size-sm\" href=\"https:\/\/bizen-ceramic-art.com\/?page_id=322\">\n\t\t\t\t\t\t<span class=\"elementor-button-content-wrapper\">\n\t\t\t\t\t\t\t\t\t<span class=\"elementor-button-text\">Un Mill\u00e9naire <br>d'H\u00e9ritage<\/span>\n\t\t\t\t\t<\/span>\n\t\t\t\t\t<\/a>\n\t\t<\/div>\n\t\t\t\t<\/div>\n\t\t\t\t<\/div>\n\t\t\t\t<div class=\"elementor-element elementor-element-c793501 elementor-align-center elementor-widget__width-auto elementor-mobile-align-center elementor-widget-mobile__width-initial elementor-widget elementor-widget-button\" data-id=\"c793501\" data-element_type=\"widget\" data-widget_type=\"button.default\">\n\t\t\t\t<div class=\"elementor-widget-container\">\n\t\t\t\t\t<div class=\"elementor-button-wrapper\">\n\t\t\t<a class=\"elementor-button elementor-button-link elementor-size-sm\" href=\"https:\/\/bizen-ceramic-art.com\/\">\n\t\t\t\t\t\t<span class=\"elementor-button-content-wrapper\">\n\t\t\t\t\t\t\t\t\t<span class=\"elementor-button-text\"><br>Accueil<\/span>\n\t\t\t\t\t<\/span>\n\t\t\t\t\t<\/a>\n\t\t<\/div>\n\t\t\t\t<\/div>\n\t\t\t\t<\/div>\n\t\t\t\t<\/div>\n\t\t<div class=\"elementor-element elementor-element-d9a442b e-flex e-con-boxed e-con e-parent\" data-id=\"d9a442b\" data-element_type=\"container\">\n\t\t\t\t\t<div class=\"e-con-inner\">\n\t\t\t\t<div class=\"elementor-element elementor-element-2d8ea3d elementor-widget elementor-widget-text-editor\" data-id=\"2d8ea3d\" data-element_type=\"widget\" data-widget_type=\"text-editor.default\">\n\t\t\t\t<div class=\"elementor-widget-container\">\n\t\t\t<style>\/*! elementor - v3.22.0 - 24-06-2024 *\/\n.elementor-widget-text-editor.elementor-drop-cap-view-stacked .elementor-drop-cap{background-color:#69727d;color:#fff}.elementor-widget-text-editor.elementor-drop-cap-view-framed .elementor-drop-cap{color:#69727d;border:3px solid;background-color:transparent}.elementor-widget-text-editor:not(.elementor-drop-cap-view-default) .elementor-drop-cap{margin-top:8px}.elementor-widget-text-editor:not(.elementor-drop-cap-view-default) .elementor-drop-cap-letter{width:1em;height:1em}.elementor-widget-text-editor .elementor-drop-cap{float:left;text-align:center;line-height:1;font-size:50px}.elementor-widget-text-editor .elementor-drop-cap-letter{display:inline-block}<\/style>\t\t\t\t<h2>De la Terre \u00e0 l\u2019Art : La Gen\u00e8se du Bizen-yaki<\/h2><p>Le Bizen-yaki, avec ses techniques traditionnelles transmises depuis des si\u00e8cles, incarne l\u2019art de transformer la terre en \u0153uvres c\u00e9ramiques d\u2019une beaut\u00e9 intemporelle. Ce processus de cr\u00e9ation est une harmonie entre la force de la nature et le savoir-faire des artisans. Tout commence avec l&#8217;argile, extraite des sols riches de Bizen, qui est soigneusement p\u00e9trie et fa\u00e7onn\u00e9e \u00e0 la main. Chaque pi\u00e8ce re\u00e7oit une touche unique, refl\u00e9tant la sensibilit\u00e9 et la ma\u00eetrise de l&#8217;artisan.<\/p><p>Les \u0153uvres fa\u00e7onn\u00e9es sont lentement cuites dans un four atteignant plus de 1 200 degr\u00e9s, o\u00f9 la terre et le feu s\u2019unissent pour cr\u00e9er des textures et des nuances uniques. L&#8217;absence de gla\u00e7ure, caract\u00e9ristique du Bizen-yaki, permet \u00e0 la terre elle-m\u00eame, sous l&#8217;influence de la chaleur et des flammes, de r\u00e9v\u00e9ler des teintes naturelles uniques. Les traces laiss\u00e9es par la paille dispos\u00e9e autour des pi\u00e8ces, ainsi que les jeux du feu, font de chaque cr\u00e9ation une \u0153uvre v\u00e9ritablement inimitable.<\/p><p>H\u00e9ritier de techniques ancestrales perp\u00e9tu\u00e9es au fil des si\u00e8cles, le Bizen-yaki continue aujourd\u2019hui encore de captiver et d\u2019inspirer les esprits \u00e0 travers le monde.<\/p>\t\t\t\t\t\t<\/div>\n\t\t\t\t<\/div>\n\t\t\t\t\t<\/div>\n\t\t\t\t<\/div>\n\t\t<div class=\"elementor-element elementor-element-9bdc3be e-flex e-con-boxed e-con e-parent\" data-id=\"9bdc3be\" data-element_type=\"container\">\n\t\t\t\t\t<div class=\"e-con-inner\">\n\t\t\t\t<div class=\"elementor-element elementor-element-f963b71 elementor-widget elementor-widget-image\" data-id=\"f963b71\" data-element_type=\"widget\" data-widget_type=\"image.default\">\n\t\t\t\t<div class=\"elementor-widget-container\">\n\t\t\t<style>\/*! elementor - v3.22.0 - 24-06-2024 *\/\n.elementor-widget-image{text-align:center}.elementor-widget-image a{display:inline-block}.elementor-widget-image a img[src$=\".svg\"]{width:48px}.elementor-widget-image img{vertical-align:middle;display:inline-block}<\/style>\t\t\t\t\t\t\t\t\t\t<img fetchpriority=\"high\" decoding=\"async\" width=\"1335\" height=\"890\" src=\"https:\/\/bizen-ceramic-art.com\/wp-content\/uploads\/2024\/06\/setouchi-takumi-colors_gallery_3-11.jpg\" class=\"attachment-full size-full wp-image-37\" alt=\"\" srcset=\"https:\/\/bizen-ceramic-art.com\/wp-content\/uploads\/2024\/06\/setouchi-takumi-colors_gallery_3-11.jpg 1335w, https:\/\/bizen-ceramic-art.com\/wp-content\/uploads\/2024\/06\/setouchi-takumi-colors_gallery_3-11-300x200.jpg 300w, https:\/\/bizen-ceramic-art.com\/wp-content\/uploads\/2024\/06\/setouchi-takumi-colors_gallery_3-11-1024x683.jpg 1024w, https:\/\/bizen-ceramic-art.com\/wp-content\/uploads\/2024\/06\/setouchi-takumi-colors_gallery_3-11-768x512.jpg 768w\" sizes=\"(max-width: 1335px) 100vw, 1335px\" \/>\t\t\t\t\t\t\t\t\t\t\t\t\t<\/div>\n\t\t\t\t<\/div>\n\t\t\t\t\t<\/div>\n\t\t\t\t<\/div>\n\t\t<div class=\"elementor-element elementor-element-af26e24 e-flex e-con-boxed e-con e-parent\" data-id=\"af26e24\" data-element_type=\"container\">\n\t\t\t\t\t<div class=\"e-con-inner\">\n\t\t\t\t<div class=\"elementor-element elementor-element-8060999 elementor-widget elementor-widget-image\" data-id=\"8060999\" data-element_type=\"widget\" data-widget_type=\"image.default\">\n\t\t\t\t<div class=\"elementor-widget-container\">\n\t\t\t\t\t\t\t\t\t\t\t\t\t<img decoding=\"async\" width=\"1414\" height=\"2000\" src=\"https:\/\/bizen-ceramic-art.com\/wp-content\/uploads\/2024\/11\/2.png\" class=\"attachment-full size-full wp-image-896\" alt=\"\" srcset=\"https:\/\/bizen-ceramic-art.com\/wp-content\/uploads\/2024\/11\/2.png 1414w, https:\/\/bizen-ceramic-art.com\/wp-content\/uploads\/2024\/11\/2-212x300.png 212w, https:\/\/bizen-ceramic-art.com\/wp-content\/uploads\/2024\/11\/2-724x1024.png 724w, https:\/\/bizen-ceramic-art.com\/wp-content\/uploads\/2024\/11\/2-768x1086.png 768w, https:\/\/bizen-ceramic-art.com\/wp-content\/uploads\/2024\/11\/2-1086x1536.png 1086w\" sizes=\"(max-width: 1414px) 100vw, 1414px\" \/>\t\t\t\t\t\t\t\t\t\t\t\t\t<\/div>\n\t\t\t\t<\/div>\n\t\t\t\t<div class=\"elementor-element elementor-element-f19c712 elementor-widget elementor-widget-image\" data-id=\"f19c712\" data-element_type=\"widget\" data-widget_type=\"image.default\">\n\t\t\t\t<div class=\"elementor-widget-container\">\n\t\t\t\t\t\t\t\t\t\t\t\t\t<img decoding=\"async\" width=\"1414\" height=\"2000\" src=\"https:\/\/bizen-ceramic-art.com\/wp-content\/uploads\/2024\/11\/3.png\" class=\"attachment-full size-full wp-image-897\" alt=\"\" srcset=\"https:\/\/bizen-ceramic-art.com\/wp-content\/uploads\/2024\/11\/3.png 1414w, https:\/\/bizen-ceramic-art.com\/wp-content\/uploads\/2024\/11\/3-212x300.png 212w, https:\/\/bizen-ceramic-art.com\/wp-content\/uploads\/2024\/11\/3-724x1024.png 724w, https:\/\/bizen-ceramic-art.com\/wp-content\/uploads\/2024\/11\/3-768x1086.png 768w, https:\/\/bizen-ceramic-art.com\/wp-content\/uploads\/2024\/11\/3-1086x1536.png 1086w\" sizes=\"(max-width: 1414px) 100vw, 1414px\" \/>\t\t\t\t\t\t\t\t\t\t\t\t\t<\/div>\n\t\t\t\t<\/div>\n\t\t\t\t<div class=\"elementor-element elementor-element-84c1520 elementor-widget elementor-widget-image\" data-id=\"84c1520\" data-element_type=\"widget\" data-widget_type=\"image.default\">\n\t\t\t\t<div class=\"elementor-widget-container\">\n\t\t\t\t\t\t\t\t\t\t\t\t\t<img loading=\"lazy\" decoding=\"async\" width=\"1414\" height=\"2000\" src=\"https:\/\/bizen-ceramic-art.com\/wp-content\/uploads\/2024\/11\/4.png\" class=\"attachment-full size-full wp-image-898\" alt=\"\" srcset=\"https:\/\/bizen-ceramic-art.com\/wp-content\/uploads\/2024\/11\/4.png 1414w, https:\/\/bizen-ceramic-art.com\/wp-content\/uploads\/2024\/11\/4-212x300.png 212w, https:\/\/bizen-ceramic-art.com\/wp-content\/uploads\/2024\/11\/4-724x1024.png 724w, https:\/\/bizen-ceramic-art.com\/wp-content\/uploads\/2024\/11\/4-768x1086.png 768w, https:\/\/bizen-ceramic-art.com\/wp-content\/uploads\/2024\/11\/4-1086x1536.png 1086w\" sizes=\"(max-width: 1414px) 100vw, 1414px\" \/>\t\t\t\t\t\t\t\t\t\t\t\t\t<\/div>\n\t\t\t\t<\/div>\n\t\t\t\t<div class=\"elementor-element elementor-element-67fb713 elementor-widget elementor-widget-image\" data-id=\"67fb713\" data-element_type=\"widget\" data-widget_type=\"image.default\">\n\t\t\t\t<div class=\"elementor-widget-container\">\n\t\t\t\t\t\t\t\t\t\t\t\t\t<img loading=\"lazy\" decoding=\"async\" width=\"1414\" height=\"2000\" src=\"https:\/\/bizen-ceramic-art.com\/wp-content\/uploads\/2024\/11\/5.png\" class=\"attachment-full size-full wp-image-899\" alt=\"\" srcset=\"https:\/\/bizen-ceramic-art.com\/wp-content\/uploads\/2024\/11\/5.png 1414w, https:\/\/bizen-ceramic-art.com\/wp-content\/uploads\/2024\/11\/5-212x300.png 212w, https:\/\/bizen-ceramic-art.com\/wp-content\/uploads\/2024\/11\/5-724x1024.png 724w, https:\/\/bizen-ceramic-art.com\/wp-content\/uploads\/2024\/11\/5-768x1086.png 768w, https:\/\/bizen-ceramic-art.com\/wp-content\/uploads\/2024\/11\/5-1086x1536.png 1086w\" sizes=\"(max-width: 1414px) 100vw, 1414px\" \/>\t\t\t\t\t\t\t\t\t\t\t\t\t<\/div>\n\t\t\t\t<\/div>\n\t\t\t\t<div class=\"elementor-element elementor-element-684c126 elementor-widget elementor-widget-image\" data-id=\"684c126\" data-element_type=\"widget\" data-widget_type=\"image.default\">\n\t\t\t\t<div class=\"elementor-widget-container\">\n\t\t\t\t\t\t\t\t\t\t\t\t\t<img loading=\"lazy\" decoding=\"async\" width=\"1414\" height=\"2000\" src=\"https:\/\/bizen-ceramic-art.com\/wp-content\/uploads\/2024\/11\/6.png\" class=\"attachment-full size-full wp-image-900\" alt=\"\" srcset=\"https:\/\/bizen-ceramic-art.com\/wp-content\/uploads\/2024\/11\/6.png 1414w, https:\/\/bizen-ceramic-art.com\/wp-content\/uploads\/2024\/11\/6-212x300.png 212w, https:\/\/bizen-ceramic-art.com\/wp-content\/uploads\/2024\/11\/6-724x1024.png 724w, https:\/\/bizen-ceramic-art.com\/wp-content\/uploads\/2024\/11\/6-768x1086.png 768w, https:\/\/bizen-ceramic-art.com\/wp-content\/uploads\/2024\/11\/6-1086x1536.png 1086w\" sizes=\"(max-width: 1414px) 100vw, 1414px\" \/>\t\t\t\t\t\t\t\t\t\t\t\t\t<\/div>\n\t\t\t\t<\/div>\n\t\t\t\t<div class=\"elementor-element elementor-element-081af26 elementor-widget elementor-widget-image\" data-id=\"081af26\" data-element_type=\"widget\" data-widget_type=\"image.default\">\n\t\t\t\t<div class=\"elementor-widget-container\">\n\t\t\t\t\t\t\t\t\t\t\t\t\t<img loading=\"lazy\" decoding=\"async\" width=\"1414\" height=\"2000\" src=\"https:\/\/bizen-ceramic-art.com\/wp-content\/uploads\/2024\/11\/7.png\" class=\"attachment-full size-full wp-image-901\" alt=\"\" srcset=\"https:\/\/bizen-ceramic-art.com\/wp-content\/uploads\/2024\/11\/7.png 1414w, https:\/\/bizen-ceramic-art.com\/wp-content\/uploads\/2024\/11\/7-212x300.png 212w, https:\/\/bizen-ceramic-art.com\/wp-content\/uploads\/2024\/11\/7-724x1024.png 724w, https:\/\/bizen-ceramic-art.com\/wp-content\/uploads\/2024\/11\/7-768x1086.png 768w, https:\/\/bizen-ceramic-art.com\/wp-content\/uploads\/2024\/11\/7-1086x1536.png 1086w\" sizes=\"(max-width: 1414px) 100vw, 1414px\" \/>\t\t\t\t\t\t\t\t\t\t\t\t\t<\/div>\n\t\t\t\t<\/div>\n\t\t\t\t\t<\/div>\n\t\t\t\t<\/div>\n\t\t<div class=\"elementor-element elementor-element-092030c e-flex e-con-boxed e-con e-parent\" data-id=\"092030c\" data-element_type=\"container\" data-settings=\"{&quot;background_background&quot;:&quot;classic&quot;}\">\n\t\t\t\t\t<div class=\"e-con-inner\">\n\t\t\t\t<div class=\"elementor-element elementor-element-424a272 elementor-align-center elementor-widget__width-initial elementor-widget elementor-widget-button\" data-id=\"424a272\" data-element_type=\"widget\" data-widget_type=\"button.default\">\n\t\t\t\t<div class=\"elementor-widget-container\">\n\t\t\t\t\t<div class=\"elementor-button-wrapper\">\n\t\t\t<a class=\"elementor-button elementor-button-link elementor-size-sm\" href=\"https:\/\/bizen-ceramic-art.com\/?page_id=376\">\n\t\t\t\t\t\t<span class=\"elementor-button-content-wrapper\">\n\t\t\t\t\t\t\t\t\t<span class=\"elementor-button-text\">GalerieDe <br>Vid\u00e9os<\/span>\n\t\t\t\t\t<\/span>\n\t\t\t\t\t<\/a>\n\t\t<\/div>\n\t\t\t\t<\/div>\n\t\t\t\t<\/div>\n\t\t\t\t<div class=\"elementor-element elementor-element-254478d elementor-align-center elementor-widget__width-initial elementor-widget elementor-widget-button\" data-id=\"254478d\" data-element_type=\"widget\" data-widget_type=\"button.default\">\n\t\t\t\t<div class=\"elementor-widget-container\">\n\t\t\t\t\t<div class=\"elementor-button-wrapper\">\n\t\t\t<a class=\"elementor-button elementor-button-link elementor-size-sm\" href=\"https:\/\/bizen-ceramic-art.com\/?page_id=360\">\n\t\t\t\t\t\t<span class=\"elementor-button-content-wrapper\">\n\t\t\t\t\t\t\t\t\t<span class=\"elementor-button-text\">Expositions <br>Pass\u00e9es<\/span>\n\t\t\t\t\t<\/span>\n\t\t\t\t\t<\/a>\n\t\t<\/div>\n\t\t\t\t<\/div>\n\t\t\t\t<\/div>\n\t\t\t\t<div class=\"elementor-element elementor-element-6fd9661 elementor-align-center elementor-widget__width-initial elementor-widget elementor-widget-button\" data-id=\"6fd9661\" data-element_type=\"widget\" data-widget_type=\"button.default\">\n\t\t\t\t<div class=\"elementor-widget-container\">\n\t\t\t\t\t<div class=\"elementor-button-wrapper\">\n\t\t\t<a class=\"elementor-button elementor-button-link elementor-size-sm\" href=\"https:\/\/bizen-ceramic-art.com\/?page_id=280\">\n\t\t\t\t\t\t<span class=\"elementor-button-content-wrapper\">\n\t\t\t\t\t\t\t\t\t<span class=\"elementor-button-text\">\u0152uvre <br>et Artiste<\/span>\n\t\t\t\t\t<\/span>\n\t\t\t\t\t<\/a>\n\t\t<\/div>\n\t\t\t\t<\/div>\n\t\t\t\t<\/div>\n\t\t\t\t<div class=\"elementor-element elementor-element-8850718 elementor-align-center elementor-widget__width-initial elementor-widget elementor-widget-button\" data-id=\"8850718\" data-element_type=\"widget\" data-widget_type=\"button.default\">\n\t\t\t\t<div class=\"elementor-widget-container\">\n\t\t\t\t\t<div class=\"elementor-button-wrapper\">\n\t\t\t<a class=\"elementor-button elementor-button-link elementor-size-sm\" href=\"https:\/\/bizen-ceramic-art.com\/?page_id=336\">\n\t\t\t\t\t\t<span class=\"elementor-button-content-wrapper\">\n\t\t\t\t\t\t\t\t\t<span class=\"elementor-button-text\">De la Terre au <br>Chef-d'\u0152uvre<\/span>\n\t\t\t\t\t<\/span>\n\t\t\t\t\t<\/a>\n\t\t<\/div>\n\t\t\t\t<\/div>\n\t\t\t\t<\/div>\n\t\t\t\t<div class=\"elementor-element elementor-element-ae8f769 elementor-align-center elementor-widget__width-initial elementor-widget elementor-widget-button\" data-id=\"ae8f769\" data-element_type=\"widget\" data-widget_type=\"button.default\">\n\t\t\t\t<div class=\"elementor-widget-container\">\n\t\t\t\t\t<div class=\"elementor-button-wrapper\">\n\t\t\t<a class=\"elementor-button elementor-button-link elementor-size-sm\" href=\"https:\/\/bizen-ceramic-art.com\/?page_id=322\">\n\t\t\t\t\t\t<span class=\"elementor-button-content-wrapper\">\n\t\t\t\t\t\t\t\t\t<span class=\"elementor-button-text\">Un Mill\u00e9naire <br>d'H\u00e9ritage<\/span>\n\t\t\t\t\t<\/span>\n\t\t\t\t\t<\/a>\n\t\t<\/div>\n\t\t\t\t<\/div>\n\t\t\t\t<\/div>\n\t\t\t\t<div class=\"elementor-element elementor-element-6f06769 elementor-align-center elementor-widget__width-initial elementor-widget elementor-widget-button\" data-id=\"6f06769\" data-element_type=\"widget\" data-widget_type=\"button.default\">\n\t\t\t\t<div class=\"elementor-widget-container\">\n\t\t\t\t\t<div class=\"elementor-button-wrapper\">\n\t\t\t<a class=\"elementor-button elementor-button-link elementor-size-sm\" href=\"https:\/\/bizen-ceramic-art.com\/\">\n\t\t\t\t\t\t<span class=\"elementor-button-content-wrapper\">\n\t\t\t\t\t\t\t\t\t<span class=\"elementor-button-text\"><br>Accueil<\/span>\n\t\t\t\t\t<\/span>\n\t\t\t\t\t<\/a>\n\t\t<\/div>\n\t\t\t\t<\/div>\n\t\t\t\t<\/div>\n\t\t\t\t\t<\/div>\n\t\t\t\t<\/div>\n\t\t\t\t<\/div>\n\t\t","protected":false},"excerpt":{"rendered":"<p>GalerieDe Vid\u00e9os Expositions Pass\u00e9es \u0152uvre et Artiste De la Terre au Chef-d&#8217;\u0152uvre Un Mill\u00e9naire d&#8217; [&hellip;]<\/p>\n","protected":false},"author":1,"featured_media":40,"parent":22,"menu_order":0,"comment_status":"closed","ping_status":"closed","template":"elementor_header_footer","meta":{"footnotes":""},"class_list":["post-336","page","type-page","status-publish","has-post-thumbnail","hentry"],"jetpack_sharing_enabled":true,"_links":{"self":[{"href":"https:\/\/bizen-ceramic-art.com\/index.php?rest_route=\/wp\/v2\/pages\/336","targetHints":{"allow":["GET"]}}],"collection":[{"href":"https:\/\/bizen-ceramic-art.com\/index.php?rest_route=\/wp\/v2\/pages"}],"about":[{"href":"https:\/\/bizen-ceramic-art.com\/index.php?rest_route=\/wp\/v2\/types\/page"}],"author":[{"embeddable":true,"href":"https:\/\/bizen-ceramic-art.com\/index.php?rest_route=\/wp\/v2\/users\/1"}],"replies":[{"embeddable":true,"href":"https:\/\/bizen-ceramic-art.com\/index.php?rest_route=%2Fwp%2Fv2%2Fcomments&post=336"}],"version-history":[{"count":61,"href":"https:\/\/bizen-ceramic-art.com\/index.php?rest_route=\/wp\/v2\/pages\/336\/revisions"}],"predecessor-version":[{"id":918,"href":"https:\/\/bizen-ceramic-art.com\/index.php?rest_route=\/wp\/v2\/pages\/336\/revisions\/918"}],"up":[{"embeddable":true,"href":"https:\/\/bizen-ceramic-art.com\/index.php?rest_route=\/wp\/v2\/pages\/22"}],"wp:featuredmedia":[{"embeddable":true,"href":"https:\/\/bizen-ceramic-art.com\/index.php?rest_route=\/wp\/v2\/media\/40"}],"wp:attachment":[{"href":"https:\/\/bizen-ceramic-art.com\/index.php?rest_route=%2Fwp%2Fv2%2Fmedia&parent=336"}],"curies":[{"name":"wp","href":"https:\/\/api.w.org\/{rel}","templated":true}]}}