{"id":322,"date":"2024-09-06T02:31:44","date_gmt":"2024-09-06T02:31:44","guid":{"rendered":"https:\/\/bizenceramicartcom.kinsta.cloud\/?page_id=322"},"modified":"2024-09-11T01:04:57","modified_gmt":"2024-09-11T01:04:57","slug":"%e5%82%99%e5%89%8d%e7%84%bc%e3%81%ae%e6%ad%b4%e5%8f%b2","status":"publish","type":"page","link":"https:\/\/bizen-ceramic-art.com\/?page_id=322","title":{"rendered":"\u5099\u524d\u713c\u306e\u6b74\u53f2"},"content":{"rendered":"\t\t<div data-elementor-type=\"wp-page\" data-elementor-id=\"322\" class=\"elementor elementor-322\">\n\t\t\t\t<div class=\"elementor-element elementor-element-9ebd104 e-con-full e-flex e-con e-parent\" data-id=\"9ebd104\" data-element_type=\"container\" data-settings=\"{&quot;background_background&quot;:&quot;classic&quot;}\">\n\t\t\t\t<div class=\"elementor-element elementor-element-82ad89a elementor-align-center elementor-widget__width-auto elementor-widget-mobile__width-initial elementor-widget elementor-widget-button\" data-id=\"82ad89a\" data-element_type=\"widget\" data-widget_type=\"button.default\">\n\t\t\t\t<div class=\"elementor-widget-container\">\n\t\t\t\t\t<div class=\"elementor-button-wrapper\">\n\t\t\t<a class=\"elementor-button elementor-button-link elementor-size-sm\" href=\"https:\/\/bizen-ceramic-art.com\/?page_id=376\">\n\t\t\t\t\t\t<span class=\"elementor-button-content-wrapper\">\n\t\t\t\t\t\t\t\t\t<span class=\"elementor-button-text\">GalerieDe <br>Vid\u00e9os<\/span>\n\t\t\t\t\t<\/span>\n\t\t\t\t\t<\/a>\n\t\t<\/div>\n\t\t\t\t<\/div>\n\t\t\t\t<\/div>\n\t\t\t\t<div class=\"elementor-element elementor-element-735d74d elementor-align-center elementor-widget__width-auto elementor-widget-mobile__width-initial elementor-widget elementor-widget-button\" data-id=\"735d74d\" data-element_type=\"widget\" data-widget_type=\"button.default\">\n\t\t\t\t<div class=\"elementor-widget-container\">\n\t\t\t\t\t<div class=\"elementor-button-wrapper\">\n\t\t\t<a class=\"elementor-button elementor-button-link elementor-size-sm\" href=\"https:\/\/bizen-ceramic-art.com\/?page_id=360\">\n\t\t\t\t\t\t<span class=\"elementor-button-content-wrapper\">\n\t\t\t\t\t\t\t\t\t<span class=\"elementor-button-text\">Expositions <br>Pass\u00e9es<\/span>\n\t\t\t\t\t<\/span>\n\t\t\t\t\t<\/a>\n\t\t<\/div>\n\t\t\t\t<\/div>\n\t\t\t\t<\/div>\n\t\t\t\t<div class=\"elementor-element elementor-element-fb06121 elementor-align-center elementor-widget__width-auto elementor-widget-mobile__width-initial elementor-widget elementor-widget-button\" data-id=\"fb06121\" data-element_type=\"widget\" data-widget_type=\"button.default\">\n\t\t\t\t<div class=\"elementor-widget-container\">\n\t\t\t\t\t<div class=\"elementor-button-wrapper\">\n\t\t\t<a class=\"elementor-button elementor-button-link elementor-size-sm\" href=\"https:\/\/bizen-ceramic-art.com\/?page_id=280\">\n\t\t\t\t\t\t<span class=\"elementor-button-content-wrapper\">\n\t\t\t\t\t\t\t\t\t<span class=\"elementor-button-text\">\u0152uvre <br>et Artiste<\/span>\n\t\t\t\t\t<\/span>\n\t\t\t\t\t<\/a>\n\t\t<\/div>\n\t\t\t\t<\/div>\n\t\t\t\t<\/div>\n\t\t\t\t<div class=\"elementor-element elementor-element-8d6e220 elementor-align-center elementor-widget__width-auto elementor-widget-mobile__width-initial elementor-widget elementor-widget-button\" data-id=\"8d6e220\" data-element_type=\"widget\" data-widget_type=\"button.default\">\n\t\t\t\t<div class=\"elementor-widget-container\">\n\t\t\t\t\t<div class=\"elementor-button-wrapper\">\n\t\t\t<a class=\"elementor-button elementor-button-link elementor-size-sm\" href=\"https:\/\/bizen-ceramic-art.com\/?page_id=336\">\n\t\t\t\t\t\t<span class=\"elementor-button-content-wrapper\">\n\t\t\t\t\t\t\t\t\t<span class=\"elementor-button-text\">De la Terre au <br>Chef-d'\u0152uvre<\/span>\n\t\t\t\t\t<\/span>\n\t\t\t\t\t<\/a>\n\t\t<\/div>\n\t\t\t\t<\/div>\n\t\t\t\t<\/div>\n\t\t\t\t<div class=\"elementor-element elementor-element-660eda2 elementor-widget__width-auto elementor-mobile-align-center elementor-widget-mobile__width-initial elementor-widget elementor-widget-button\" data-id=\"660eda2\" data-element_type=\"widget\" data-widget_type=\"button.default\">\n\t\t\t\t<div class=\"elementor-widget-container\">\n\t\t\t\t\t<div class=\"elementor-button-wrapper\">\n\t\t\t<a class=\"elementor-button elementor-button-link elementor-size-sm\" href=\"https:\/\/bizen-ceramic-art.com\/?page_id=322\">\n\t\t\t\t\t\t<span class=\"elementor-button-content-wrapper\">\n\t\t\t\t\t\t\t\t\t<span class=\"elementor-button-text\">Un Mill\u00e9naire <br>d'H\u00e9ritage<\/span>\n\t\t\t\t\t<\/span>\n\t\t\t\t\t<\/a>\n\t\t<\/div>\n\t\t\t\t<\/div>\n\t\t\t\t<\/div>\n\t\t\t\t<div class=\"elementor-element elementor-element-19abe7e elementor-align-center elementor-widget__width-auto elementor-mobile-align-center elementor-widget-mobile__width-initial elementor-widget elementor-widget-button\" data-id=\"19abe7e\" data-element_type=\"widget\" data-widget_type=\"button.default\">\n\t\t\t\t<div class=\"elementor-widget-container\">\n\t\t\t\t\t<div class=\"elementor-button-wrapper\">\n\t\t\t<a class=\"elementor-button elementor-button-link elementor-size-sm\" href=\"https:\/\/bizen-ceramic-art.com\/\">\n\t\t\t\t\t\t<span class=\"elementor-button-content-wrapper\">\n\t\t\t\t\t\t\t\t\t<span class=\"elementor-button-text\"><br>Accueil<\/span>\n\t\t\t\t\t<\/span>\n\t\t\t\t\t<\/a>\n\t\t<\/div>\n\t\t\t\t<\/div>\n\t\t\t\t<\/div>\n\t\t\t\t<\/div>\n\t\t<div class=\"elementor-element elementor-element-d9a442b e-flex e-con-boxed e-con e-parent\" data-id=\"d9a442b\" data-element_type=\"container\">\n\t\t\t\t\t<div class=\"e-con-inner\">\n\t\t\t\t<div class=\"elementor-element elementor-element-2d8ea3d elementor-widget elementor-widget-text-editor\" data-id=\"2d8ea3d\" data-element_type=\"widget\" data-widget_type=\"text-editor.default\">\n\t\t\t\t<div class=\"elementor-widget-container\">\n\t\t\t<style>\/*! elementor - v3.22.0 - 24-06-2024 *\/\n.elementor-widget-text-editor.elementor-drop-cap-view-stacked .elementor-drop-cap{background-color:#69727d;color:#fff}.elementor-widget-text-editor.elementor-drop-cap-view-framed .elementor-drop-cap{color:#69727d;border:3px solid;background-color:transparent}.elementor-widget-text-editor:not(.elementor-drop-cap-view-default) .elementor-drop-cap{margin-top:8px}.elementor-widget-text-editor:not(.elementor-drop-cap-view-default) .elementor-drop-cap-letter{width:1em;height:1em}.elementor-widget-text-editor .elementor-drop-cap{float:left;text-align:center;line-height:1;font-size:50px}.elementor-widget-text-editor .elementor-drop-cap-letter{display:inline-block}<\/style>\t\t\t\t<h2>L&#8217;Histoire du Bizen-yaki : Un H\u00e9ritage Mill\u00e9naire<\/h2><p>Le Bizen-yaki est l&#8217;une des plus anciennes formes de c\u00e9ramique japonaise, datant de plus de mille ans. Originaire de la r\u00e9gion de Bizen, dans la pr\u00e9fecture d&#8217;Okayama, cet art est n\u00e9 au c\u0153ur de la nature et des traditions japonaises, fa\u00e7onn\u00e9 par la terre, l&#8217;eau et le feu. D\u00e8s le 10e si\u00e8cle, les artisans locaux ont perfectionn\u00e9 cette technique unique, cr\u00e9ant des \u0153uvres qui d\u00e9fient le temps et c\u00e9l\u00e8brent la simplicit\u00e9 brute de la terre.<\/p><p>Contrairement \u00e0 d&#8217;autres types de c\u00e9ramiques, le Bizen-yaki ne fait pas usage de gla\u00e7ure. Ce sont les \u00e9l\u00e9ments naturels \u2014 l&#8217;argile, le feu et m\u00eame la paille utilis\u00e9e durant la cuisson \u2014 qui donnent \u00e0 chaque pi\u00e8ce ses nuances et textures singuli\u00e8res. Ce processus ancien, inchang\u00e9 depuis des si\u00e8cles, cr\u00e9e des \u0153uvres d&#8217;une beaut\u00e9 discr\u00e8te mais puissante, impr\u00e9gn\u00e9es d&#8217;une histoire riche.<\/p><p>Le Bizen-yaki a prosp\u00e9r\u00e9 sous l&#8217;\u00e8re des samoura\u00efs, qui appr\u00e9ciaient sa robustesse et sa puret\u00e9. Les th\u00e9i\u00e8res et ustensiles de c\u00e9r\u00e9monie, fa\u00e7onn\u00e9s pour les pratiques du th\u00e9, sont devenus des objets de v\u00e9n\u00e9ration dans les cercles de l&#8217;aristocratie japonaise. Aujourd&#8217;hui, ces m\u00eames pi\u00e8ces continuent d&#8217;inspirer les collectionneurs du monde entier.<\/p><p>Chaque \u0153uvre de Bizen-yaki est un t\u00e9moignage de l&#8217;harmonie entre la nature et l&#8217;homme, une fusion entre le pass\u00e9 et le pr\u00e9sent. Que vous soyez amateur d&#8217;art ou curieux des tr\u00e9sors culturels du Japon, laissez-vous transporter par la force tranquille du Bizen-yaki. En poss\u00e9der une pi\u00e8ce, c&#8217;est accueillir une part de l&#8217;histoire mill\u00e9naire du Japon dans votre quotidien.<\/p>\t\t\t\t\t\t<\/div>\n\t\t\t\t<\/div>\n\t\t\t\t\t<\/div>\n\t\t\t\t<\/div>\n\t\t<div class=\"elementor-element elementor-element-9bdc3be e-flex e-con-boxed e-con e-parent\" data-id=\"9bdc3be\" data-element_type=\"container\">\n\t\t\t\t\t<div class=\"e-con-inner\">\n\t\t\t\t<div class=\"elementor-element elementor-element-f963b71 elementor-widget elementor-widget-image\" data-id=\"f963b71\" data-element_type=\"widget\" data-widget_type=\"image.default\">\n\t\t\t\t<div class=\"elementor-widget-container\">\n\t\t\t<style>\/*! elementor - v3.22.0 - 24-06-2024 *\/\n.elementor-widget-image{text-align:center}.elementor-widget-image a{display:inline-block}.elementor-widget-image a img[src$=\".svg\"]{width:48px}.elementor-widget-image img{vertical-align:middle;display:inline-block}<\/style>\t\t\t\t\t\t\t\t\t\t<img fetchpriority=\"high\" decoding=\"async\" width=\"1920\" height=\"1280\" src=\"https:\/\/bizen-ceramic-art.com\/wp-content\/uploads\/2024\/06\/slide_03_pc-4.jpg\" class=\"attachment-2048x2048 size-2048x2048 wp-image-48\" alt=\"\" srcset=\"https:\/\/bizen-ceramic-art.com\/wp-content\/uploads\/2024\/06\/slide_03_pc-4.jpg 1920w, https:\/\/bizen-ceramic-art.com\/wp-content\/uploads\/2024\/06\/slide_03_pc-4-300x200.jpg 300w, https:\/\/bizen-ceramic-art.com\/wp-content\/uploads\/2024\/06\/slide_03_pc-4-1024x683.jpg 1024w, https:\/\/bizen-ceramic-art.com\/wp-content\/uploads\/2024\/06\/slide_03_pc-4-768x512.jpg 768w, https:\/\/bizen-ceramic-art.com\/wp-content\/uploads\/2024\/06\/slide_03_pc-4-1536x1024.jpg 1536w\" sizes=\"(max-width: 1920px) 100vw, 1920px\" \/>\t\t\t\t\t\t\t\t\t\t\t\t\t<\/div>\n\t\t\t\t<\/div>\n\t\t\t\t\t<\/div>\n\t\t\t\t<\/div>\n\t\t\t\t<\/div>\n\t\t","protected":false},"excerpt":{"rendered":"<p>GalerieDe Vid\u00e9os Expositions Pass\u00e9es \u0152uvre et Artiste De la Terre au Chef-d&#8217;\u0152uvre Un Mill\u00e9naire d&#8217; [&hellip;]<\/p>\n","protected":false},"author":1,"featured_media":40,"parent":22,"menu_order":0,"comment_status":"closed","ping_status":"closed","template":"elementor_header_footer","meta":{"footnotes":""},"class_list":["post-322","page","type-page","status-publish","has-post-thumbnail","hentry"],"jetpack_sharing_enabled":true,"_links":{"self":[{"href":"https:\/\/bizen-ceramic-art.com\/index.php?rest_route=\/wp\/v2\/pages\/322","targetHints":{"allow":["GET"]}}],"collection":[{"href":"https:\/\/bizen-ceramic-art.com\/index.php?rest_route=\/wp\/v2\/pages"}],"about":[{"href":"https:\/\/bizen-ceramic-art.com\/index.php?rest_route=\/wp\/v2\/types\/page"}],"author":[{"embeddable":true,"href":"https:\/\/bizen-ceramic-art.com\/index.php?rest_route=\/wp\/v2\/users\/1"}],"replies":[{"embeddable":true,"href":"https:\/\/bizen-ceramic-art.com\/index.php?rest_route=%2Fwp%2Fv2%2Fcomments&post=322"}],"version-history":[{"count":34,"href":"https:\/\/bizen-ceramic-art.com\/index.php?rest_route=\/wp\/v2\/pages\/322\/revisions"}],"predecessor-version":[{"id":594,"href":"https:\/\/bizen-ceramic-art.com\/index.php?rest_route=\/wp\/v2\/pages\/322\/revisions\/594"}],"up":[{"embeddable":true,"href":"https:\/\/bizen-ceramic-art.com\/index.php?rest_route=\/wp\/v2\/pages\/22"}],"wp:featuredmedia":[{"embeddable":true,"href":"https:\/\/bizen-ceramic-art.com\/index.php?rest_route=\/wp\/v2\/media\/40"}],"wp:attachment":[{"href":"https:\/\/bizen-ceramic-art.com\/index.php?rest_route=%2Fwp%2Fv2%2Fmedia&parent=322"}],"curies":[{"name":"wp","href":"https:\/\/api.w.org\/{rel}","templated":true}]}}